{"id":10123,"date":"2022-11-23T15:52:30","date_gmt":"2022-11-23T15:52:30","guid":{"rendered":"https:\/\/practical-pascal.5-9-123-216.plesk.page\/?post_type=product&#038;p=10123"},"modified":"2024-08-15T13:04:44","modified_gmt":"2024-08-15T13:04:44","slug":"logos-914t","status":"publish","type":"product","link":"https:\/\/lufficio.it\/?product=logos-914t","title":{"rendered":"Logos 914T"},"content":{"rendered":"<p>La linea delle calcolatrici professionali Olivetti ECO FRIENDLY non contiene sostanze nocive alla salute ed \u00e8 composta ad plastica riciclata e riciclabile pi\u00f9 volte. Logos 914T \u00e8 stata progettata per un uso intensivo ed \u00e8 dotata di stampante termica veloce e silenziosa. Oltre alle funzioni base \u00e8 presente l&#8217;esclusiva logica di calcolo Olivetti: GT Logic.<\/p>\n<p>Tutti i modelli offrono qualit\u00e0, affidabilit\u00e0, maggior efficienza e risparmio energetico<\/p>\n<p><strong>VANTAGGI<\/strong><\/p>\n<ul>\n<li>stampante termica, veloce e silenziosa<\/li>\n<li>stampa veloce a 10 linee\/secondo<\/li>\n<li>display spento dopo 3 minuti di inattivit\u00e0, mantiene i calcoli in memoria<\/li>\n<li>funzioni calcolo complesse e logica calcolo GT<\/li>\n<li>tastiera antisettica contro la diffusione dei batteri, muffe e microrganismi<\/li>\n<li>design compatto ed ergonomico.<\/li>\n<\/ul>\n","protected":false},"excerpt":{"rendered":"<ul>\n<li>display LCD retroilluminato a 14 cifre<\/li>\n<li>funzione Saving<\/li>\n<li>stampante termica alfanumerica<\/li>\n<li>esclusiva logica calcolo GT<\/li>\n<li>funzioni di calcolo avanzate<\/li>\n<li>prodotta con plastica riciclata e riciclabile<\/li>\n<\/ul>\n","protected":false},"featured_media":10231,"comment_status":"open","ping_status":"closed","template":"","meta":{"_joinchat":[]},"product_cat":[193,194],"product_tag":[],"class_list":{"0":"post-10123","1":"product","2":"type-product","3":"status-publish","4":"has-post-thumbnail","6":"product_cat-calcolatrici","7":"product_cat-logos","9":"first","10":"instock","11":"shipping-taxable","12":"product-type-simple"},"_links":{"self":[{"href":"https:\/\/lufficio.it\/index.php?rest_route=\/wp\/v2\/product\/10123","targetHints":{"allow":["GET"]}}],"collection":[{"href":"https:\/\/lufficio.it\/index.php?rest_route=\/wp\/v2\/product"}],"about":[{"href":"https:\/\/lufficio.it\/index.php?rest_route=\/wp\/v2\/types\/product"}],"replies":[{"embeddable":true,"href":"https:\/\/lufficio.it\/index.php?rest_route=%2Fwp%2Fv2%2Fcomments&post=10123"}],"version-history":[{"count":0,"href":"https:\/\/lufficio.it\/index.php?rest_route=\/wp\/v2\/product\/10123\/revisions"}],"wp:featuredmedia":[{"embeddable":true,"href":"https:\/\/lufficio.it\/index.php?rest_route=\/wp\/v2\/media\/10231"}],"wp:attachment":[{"href":"https:\/\/lufficio.it\/index.php?rest_route=%2Fwp%2Fv2%2Fmedia&parent=10123"}],"wp:term":[{"taxonomy":"product_cat","embeddable":true,"href":"https:\/\/lufficio.it\/index.php?rest_route=%2Fwp%2Fv2%2Fproduct_cat&post=10123"},{"taxonomy":"product_tag","embeddable":true,"href":"https:\/\/lufficio.it\/index.php?rest_route=%2Fwp%2Fv2%2Fproduct_tag&post=10123"}],"curies":[{"name":"wp","href":"https:\/\/api.w.org\/{rel}","templated":true}]}}