{"id":10122,"date":"2022-11-23T15:52:30","date_gmt":"2022-11-23T15:52:30","guid":{"rendered":"https:\/\/practical-pascal.5-9-123-216.plesk.page\/?post_type=product&#038;p=10122"},"modified":"2025-03-09T01:26:53","modified_gmt":"2025-03-09T01:26:53","slug":"logos-912","status":"publish","type":"product","link":"https:\/\/lufficio.it\/?product=logos-912","title":{"rendered":"Logos 912"},"content":{"rendered":"<p>La linea delle calcolatrici professionali Olivetti ECO FRIENDLY non contiene sostanze nocive alla salute ed \u00e8 composta ad plastica riciclata e riciclabile pi\u00f9 volte. Logos 912 \u00e8 dotata di un display VFD per una visualizzazione nitida dei caratteri.<\/p>\n<p><strong>VANTAGGI<\/strong><\/p>\n<ul>\n<li>display retroilluminato a 12 grandi cifre<\/li>\n<li>display spento dopo 3 minuti di inattivit\u00e0, mantiene i calcoli in memoria<\/li>\n<li>sistema di stampa con inchiostro a due colori<\/li>\n<li>funzioni complesse e logica calcolo GT<\/li>\n<li>tastiera antisettica contro la diffusione dei batteri, muffe e microrganismi<\/li>\n<li>design compatto ed ergonomico.<\/li>\n<\/ul>\n<p>Tutti i modelli offrono qualit\u00e0, affidabilit\u00e0, maggior efficienza e risparmio energetico.<\/p>\n","protected":false},"excerpt":{"rendered":"<ul>\n<li>display VFD retroilluminato a 12 cifre<\/li>\n<li>funzione Saving<\/li>\n<li>stampante ad impatto a due colori<\/li>\n<li>esclusiva logica calcolo GT<\/li>\n<li>prodotta con plastica riciclata e riciclabile<\/li>\n<\/ul>\n","protected":false},"featured_media":10229,"comment_status":"open","ping_status":"closed","template":"","meta":{"_joinchat":[]},"product_cat":[193,194],"product_tag":[],"class_list":{"0":"post-10122","1":"product","2":"type-product","3":"status-publish","4":"has-post-thumbnail","6":"product_cat-calcolatrici","7":"product_cat-logos","9":"first","10":"instock","11":"shipping-taxable","12":"product-type-simple"},"_links":{"self":[{"href":"https:\/\/lufficio.it\/index.php?rest_route=\/wp\/v2\/product\/10122","targetHints":{"allow":["GET"]}}],"collection":[{"href":"https:\/\/lufficio.it\/index.php?rest_route=\/wp\/v2\/product"}],"about":[{"href":"https:\/\/lufficio.it\/index.php?rest_route=\/wp\/v2\/types\/product"}],"replies":[{"embeddable":true,"href":"https:\/\/lufficio.it\/index.php?rest_route=%2Fwp%2Fv2%2Fcomments&post=10122"}],"version-history":[{"count":0,"href":"https:\/\/lufficio.it\/index.php?rest_route=\/wp\/v2\/product\/10122\/revisions"}],"wp:featuredmedia":[{"embeddable":true,"href":"https:\/\/lufficio.it\/index.php?rest_route=\/wp\/v2\/media\/10229"}],"wp:attachment":[{"href":"https:\/\/lufficio.it\/index.php?rest_route=%2Fwp%2Fv2%2Fmedia&parent=10122"}],"wp:term":[{"taxonomy":"product_cat","embeddable":true,"href":"https:\/\/lufficio.it\/index.php?rest_route=%2Fwp%2Fv2%2Fproduct_cat&post=10122"},{"taxonomy":"product_tag","embeddable":true,"href":"https:\/\/lufficio.it\/index.php?rest_route=%2Fwp%2Fv2%2Fproduct_tag&post=10122"}],"curies":[{"name":"wp","href":"https:\/\/api.w.org\/{rel}","templated":true}]}}