{"id":10121,"date":"2022-11-23T15:52:29","date_gmt":"2022-11-23T15:52:29","guid":{"rendered":"https:\/\/practical-pascal.5-9-123-216.plesk.page\/?post_type=product&#038;p=10121"},"modified":"2024-08-29T16:43:37","modified_gmt":"2024-08-29T16:43:37","slug":"logos-904t","status":"publish","type":"product","link":"https:\/\/lufficio.it\/?product=logos-904t","title":{"rendered":"Logos 904T"},"content":{"rendered":"<p>La linea delle calcolatrici professionali Olivetti ECO FRIENDLY non contiene sostanze nocive alla salute ed \u00e8 composta ad plastica riciclata e riciclabile pi\u00f9 volte. Logos 904T \u00e8 stata progettata per un uso intensivo ed \u00e8 dotata di stampante termica veloce e sileziosa.<\/p>\n<div id=\"product-advantages\">\n<div class=\"field field-name-field-text2 field-type-text-long field-label-hidden\">\n<div class=\"field-items\">\n<div class=\"field-item even\">\n<blockquote><p><strong>VANTAGGI<\/strong><\/p>\n<ul>\n<li>stampante termica, veloce e silenziosa<\/li>\n<li>stampa rapida a 10 linee\/secondo<\/li>\n<li>display spento dopo 3 minuti di inattivit\u00e0, mantiene i calcoli in memoria<\/li>\n<li>Funzioni calcolo complesse: aliquota, conversione valutaria, costo, margine e prezzo di vendita<\/li>\n<li>tastiera antisettica contro la diffusione dei batteri, muffe e microrganismi<\/li>\n<li>design compatto ed ergonomico .Tutti i modelli offrono qualit\u00e0, affidabilit\u00e0, maggior efficienza e risparmio energetico<\/li>\n<\/ul>\n<\/blockquote>\n<\/div>\n<\/div>\n<\/div>\n<\/div>\n<div class=\"dexp-divider\"><\/div>\n","protected":false},"excerpt":{"rendered":"<ul>\n<li>display LCD a 14 cifre retroilluminato<\/li>\n<li>funzione Saving<\/li>\n<li>stampante termica alfanumerica<\/li>\n<li>prodotta con plastica riciclata e riciclabile<\/li>\n<\/ul>\n","protected":false},"featured_media":10227,"comment_status":"open","ping_status":"closed","template":"","meta":{"_joinchat":[]},"product_cat":[193,194],"product_tag":[],"class_list":{"0":"post-10121","1":"product","2":"type-product","3":"status-publish","4":"has-post-thumbnail","6":"product_cat-calcolatrici","7":"product_cat-logos","9":"first","10":"instock","11":"shipping-taxable","12":"product-type-simple"},"_links":{"self":[{"href":"https:\/\/lufficio.it\/index.php?rest_route=\/wp\/v2\/product\/10121","targetHints":{"allow":["GET"]}}],"collection":[{"href":"https:\/\/lufficio.it\/index.php?rest_route=\/wp\/v2\/product"}],"about":[{"href":"https:\/\/lufficio.it\/index.php?rest_route=\/wp\/v2\/types\/product"}],"replies":[{"embeddable":true,"href":"https:\/\/lufficio.it\/index.php?rest_route=%2Fwp%2Fv2%2Fcomments&post=10121"}],"version-history":[{"count":0,"href":"https:\/\/lufficio.it\/index.php?rest_route=\/wp\/v2\/product\/10121\/revisions"}],"wp:featuredmedia":[{"embeddable":true,"href":"https:\/\/lufficio.it\/index.php?rest_route=\/wp\/v2\/media\/10227"}],"wp:attachment":[{"href":"https:\/\/lufficio.it\/index.php?rest_route=%2Fwp%2Fv2%2Fmedia&parent=10121"}],"wp:term":[{"taxonomy":"product_cat","embeddable":true,"href":"https:\/\/lufficio.it\/index.php?rest_route=%2Fwp%2Fv2%2Fproduct_cat&post=10121"},{"taxonomy":"product_tag","embeddable":true,"href":"https:\/\/lufficio.it\/index.php?rest_route=%2Fwp%2Fv2%2Fproduct_tag&post=10121"}],"curies":[{"name":"wp","href":"https:\/\/api.w.org\/{rel}","templated":true}]}}