{"id":10120,"date":"2022-11-23T15:52:29","date_gmt":"2022-11-23T15:52:29","guid":{"rendered":"https:\/\/practical-pascal.5-9-123-216.plesk.page\/?post_type=product&#038;p=10120"},"modified":"2024-08-18T03:27:00","modified_gmt":"2024-08-18T03:27:00","slug":"logos-902","status":"publish","type":"product","link":"https:\/\/lufficio.it\/?product=logos-902","title":{"rendered":"Logos 902"},"content":{"rendered":"<p>La linea delle calcolatrici professionali Olivetti ECO FRIENDLY non contiene sostanza nocive alla salute ed \u00e8 composta ad plastica riciclata e riciclabile pi\u00f9 volte. Logos 902 \u00e8 dotata di un display che visualizza i calcoli in due colori, estremamente brillanti e visibili in qualsiasi condizione di luce.<\/p>\n<p><strong>VANTAGGI<\/strong><\/p>\n<ul>\n<li>display retroilluminato a 12 grandi cifre<\/li>\n<li>display spento dopo 3 minuti di inattivit\u00e0, mantiene i calcoli in memoria<\/li>\n<li>4 operazioni fondamentali e funzioni calcolo complesse<\/li>\n<li>tastiera antisettica contro la diffusione dei batteri, muffe e microrganismi<\/li>\n<li>design compatto ed ergonomico .<\/li>\n<\/ul>\n<p>Tutti i modelli offrono qualit\u00e0, affidabilit\u00e0, maggior efficienza e risparmio energetico.<\/p>\n","protected":false},"excerpt":{"rendered":"<ul>\n<li>display LED a 12 cifre retroilluminato<\/li>\n<li>funzione Saving<\/li>\n<li>stampante ad impatto a 2 colori<\/li>\n<li>prodotta con plastica riciclata e riciclabile<\/li>\n<\/ul>\n","protected":false},"featured_media":10225,"comment_status":"open","ping_status":"closed","template":"","meta":{"_joinchat":[]},"product_cat":[193,194],"product_tag":[],"class_list":{"0":"post-10120","1":"product","2":"type-product","3":"status-publish","4":"has-post-thumbnail","6":"product_cat-calcolatrici","7":"product_cat-logos","9":"first","10":"instock","11":"shipping-taxable","12":"product-type-simple"},"_links":{"self":[{"href":"https:\/\/lufficio.it\/index.php?rest_route=\/wp\/v2\/product\/10120","targetHints":{"allow":["GET"]}}],"collection":[{"href":"https:\/\/lufficio.it\/index.php?rest_route=\/wp\/v2\/product"}],"about":[{"href":"https:\/\/lufficio.it\/index.php?rest_route=\/wp\/v2\/types\/product"}],"replies":[{"embeddable":true,"href":"https:\/\/lufficio.it\/index.php?rest_route=%2Fwp%2Fv2%2Fcomments&post=10120"}],"version-history":[{"count":0,"href":"https:\/\/lufficio.it\/index.php?rest_route=\/wp\/v2\/product\/10120\/revisions"}],"wp:featuredmedia":[{"embeddable":true,"href":"https:\/\/lufficio.it\/index.php?rest_route=\/wp\/v2\/media\/10225"}],"wp:attachment":[{"href":"https:\/\/lufficio.it\/index.php?rest_route=%2Fwp%2Fv2%2Fmedia&parent=10120"}],"wp:term":[{"taxonomy":"product_cat","embeddable":true,"href":"https:\/\/lufficio.it\/index.php?rest_route=%2Fwp%2Fv2%2Fproduct_cat&post=10120"},{"taxonomy":"product_tag","embeddable":true,"href":"https:\/\/lufficio.it\/index.php?rest_route=%2Fwp%2Fv2%2Fproduct_tag&post=10120"}],"curies":[{"name":"wp","href":"https:\/\/api.w.org\/{rel}","templated":true}]}}