{"id":10117,"date":"2022-11-23T15:52:29","date_gmt":"2022-11-23T15:52:29","guid":{"rendered":"https:\/\/practical-pascal.5-9-123-216.plesk.page\/?post_type=product&#038;p=10117"},"modified":"2022-11-23T15:52:57","modified_gmt":"2022-11-23T15:52:57","slug":"d-color-mf759plus","status":"publish","type":"product","link":"https:\/\/lufficio.it\/?product=d-color-mf759plus","title":{"rendered":"d-Color MF759plus"},"content":{"rendered":"<p>La d-Color MF759plus \u00e8 dotata di un ampio pannello operatore orientabile da 10,1 pollici, che grazie all\u2019esperienza di utilizzo simile a quella degli smartphone, consente all\u2019operatore di poter impostare velocemente e facilmente i parametri desiderati. Le prestazioni della d-Color MF759plus, sono al top di gamma, per quello che riguarda la qualit\u00e0 dei documenti stampanti, la velocit\u00e0 di stampa e il rispetto delle pi\u00f9 recenti normative ambientali. La capacit\u00e0 carta in ingresso di 6.650 fogli (con accessori opzionali), unita alla potente CPU Quad Core e a 8 GB di memoria RAM, consentono alla d-Color MF759plus di affrontare senza nessun problema anche grandi carichi di lavoro, rendendo questo dispositivo un piccolo centro stampa. L\u2019opzione wireless, rende possibile la stampa di documenti anche da dispositivi mobili. La d-Color MF759plusoffre la possibilit\u00e0 di poter installare applicazioni direttamente sul dispositivo, aumentando cos\u00ec le funzionalit\u00e0, come ad esempio la connessione verso il Cloud. Per poter gestire nel migliore dei modi le connessioni, in totale sicurezza da accessi indesiderati, la d-Color MF759plus dispone di molteplici parametri di configurazione, per garantire la riservatezza dei dati. Se non dovessero bastare queste configurazioni, si pu\u00f2 installare l\u2019antivirus opzionale Bitdefender\u00ae, per garantire la massima protezione da minacce esterne.<\/p>\n","protected":false},"excerpt":{"rendered":"<p>La d-Color MF759plus \u00e8 dotata di un ampio pannello operatore orientabile da 10,1 pollici, che grazie all\u2019esperienza di utilizzo simile a quella degli smartphone, consente all\u2019operatore di poter impostare velocemente e facilmente i parametri desiderati.<\/p>\n","protected":false},"featured_media":10219,"comment_status":"open","ping_status":"closed","template":"","meta":{"_joinchat":[]},"product_cat":[192,189],"product_tag":[],"class_list":{"0":"post-10117","1":"product","2":"type-product","3":"status-publish","4":"has-post-thumbnail","6":"product_cat-mfp-a3-colore","7":"product_cat-stampanti-multifunzione","9":"first","10":"instock","11":"shipping-taxable","12":"product-type-simple"},"_links":{"self":[{"href":"https:\/\/lufficio.it\/index.php?rest_route=\/wp\/v2\/product\/10117","targetHints":{"allow":["GET"]}}],"collection":[{"href":"https:\/\/lufficio.it\/index.php?rest_route=\/wp\/v2\/product"}],"about":[{"href":"https:\/\/lufficio.it\/index.php?rest_route=\/wp\/v2\/types\/product"}],"replies":[{"embeddable":true,"href":"https:\/\/lufficio.it\/index.php?rest_route=%2Fwp%2Fv2%2Fcomments&post=10117"}],"version-history":[{"count":0,"href":"https:\/\/lufficio.it\/index.php?rest_route=\/wp\/v2\/product\/10117\/revisions"}],"wp:featuredmedia":[{"embeddable":true,"href":"https:\/\/lufficio.it\/index.php?rest_route=\/wp\/v2\/media\/10219"}],"wp:attachment":[{"href":"https:\/\/lufficio.it\/index.php?rest_route=%2Fwp%2Fv2%2Fmedia&parent=10117"}],"wp:term":[{"taxonomy":"product_cat","embeddable":true,"href":"https:\/\/lufficio.it\/index.php?rest_route=%2Fwp%2Fv2%2Fproduct_cat&post=10117"},{"taxonomy":"product_tag","embeddable":true,"href":"https:\/\/lufficio.it\/index.php?rest_route=%2Fwp%2Fv2%2Fproduct_tag&post=10117"}],"curies":[{"name":"wp","href":"https:\/\/api.w.org\/{rel}","templated":true}]}}