{"id":10108,"date":"2022-11-23T15:52:28","date_gmt":"2022-11-23T15:52:28","guid":{"rendered":"https:\/\/practical-pascal.5-9-123-216.plesk.page\/?post_type=product&#038;p=10108"},"modified":"2022-11-23T15:52:45","modified_gmt":"2022-11-23T15:52:45","slug":"d-color-mf3023-mf3024","status":"publish","type":"product","link":"https:\/\/lufficio.it\/?product=d-color-mf3023-mf3024","title":{"rendered":"d-Color MF3023 &#8211; MF3024"},"content":{"rendered":"<p>Le multifunzione A4 a colori d-Color MF3023-MF3024, da 30 pagine al minuto, sono progettate per soddisfare le esigenze dei gruppi di lavoro di medie dimensioni.<\/p>\n<p><strong>VANTAGGI<\/strong><\/p>\n<ul>\n<li>Conformi ai pi\u00f9 recenti standard ambientali, offrono affidabilit\u00e0 e velocit\u00e0, sia a colori che in bianco e nero.<\/li>\n<li>La piattaforma di soluzioni avanzate (JaWS) pu\u00f2 essere d&#8217;aiuto per la condivisione delle informazioni, per l\u2019ottimizzazione delle risorse e per il miglioramento del flusso di lavoro.<\/li>\n<li>E\u2019 possibile usare il proprio smartphone o tablet per stampare in mobilit\u00e0 (con l&#8217;opzione IB-36) senza connessione fisica alla rete aziendale, grazie alla compatibilit\u00e0 AirPrint\u00ae e all\u2019applicazione di stampa Olivetti Mobile Print.<\/li>\n<\/ul>\n","protected":false},"excerpt":{"rendered":"<ul>\n<li>Fino a 30 pagine al minuto A4 B\/N e a colori<\/li>\n<li>Risoluzione di stampa 1.200 x 1.200 DPI<\/li>\n<li>Schermo tattile a colori da 7\u201d<\/li>\n<li>Pdf ricercabile (con Scan Extension kit)<\/li>\n<\/ul>\n","protected":false},"featured_media":10167,"comment_status":"open","ping_status":"closed","template":"","meta":{"_joinchat":[]},"product_cat":[190,189],"product_tag":[],"class_list":{"0":"post-10108","1":"product","2":"type-product","3":"status-publish","4":"has-post-thumbnail","6":"product_cat-mfp-a4-colore","7":"product_cat-stampanti-multifunzione","9":"first","10":"instock","11":"shipping-taxable","12":"product-type-simple"},"_links":{"self":[{"href":"https:\/\/lufficio.it\/index.php?rest_route=\/wp\/v2\/product\/10108","targetHints":{"allow":["GET"]}}],"collection":[{"href":"https:\/\/lufficio.it\/index.php?rest_route=\/wp\/v2\/product"}],"about":[{"href":"https:\/\/lufficio.it\/index.php?rest_route=\/wp\/v2\/types\/product"}],"replies":[{"embeddable":true,"href":"https:\/\/lufficio.it\/index.php?rest_route=%2Fwp%2Fv2%2Fcomments&post=10108"}],"version-history":[{"count":0,"href":"https:\/\/lufficio.it\/index.php?rest_route=\/wp\/v2\/product\/10108\/revisions"}],"wp:featuredmedia":[{"embeddable":true,"href":"https:\/\/lufficio.it\/index.php?rest_route=\/wp\/v2\/media\/10167"}],"wp:attachment":[{"href":"https:\/\/lufficio.it\/index.php?rest_route=%2Fwp%2Fv2%2Fmedia&parent=10108"}],"wp:term":[{"taxonomy":"product_cat","embeddable":true,"href":"https:\/\/lufficio.it\/index.php?rest_route=%2Fwp%2Fv2%2Fproduct_cat&post=10108"},{"taxonomy":"product_tag","embeddable":true,"href":"https:\/\/lufficio.it\/index.php?rest_route=%2Fwp%2Fv2%2Fproduct_tag&post=10108"}],"curies":[{"name":"wp","href":"https:\/\/api.w.org\/{rel}","templated":true}]}}