{"id":10107,"date":"2022-11-23T15:52:28","date_gmt":"2022-11-23T15:52:28","guid":{"rendered":"https:\/\/practical-pascal.5-9-123-216.plesk.page\/?post_type=product&#038;p=10107"},"modified":"2022-11-23T15:52:40","modified_gmt":"2022-11-23T15:52:40","slug":"d-color-mf3302","status":"publish","type":"product","link":"https:\/\/lufficio.it\/?product=d-color-mf3302","title":{"rendered":"d-Color MF3302"},"content":{"rendered":"<p>d-Color MF3302, la stampante multifunzione laser A4 a colori, da 33 pagine al minuto in bianco e nero e a colori, \u00e8 stata pensata per soddisfare gli elevati livelli sia di produttivit\u00e0 che di qualit\u00e0, requisiti indispensabili per l\u2019ufficio moderno.<\/p>\n<p>Il pannello tattile a colori da 7&#8243;, multi-touch con l\u2019interfaccia di facile utilizzo, lo scanner automatico fronte-retro a singola passata, per una semplice e rapida digitalizzazione dei \u00a0documenti\u00a0 cartacei, l\u2019opzione Bitdefender che offre la scansione antivirus in tempo reale dei dati sia in trasmissione che in ricezione, la particolare attenzione ai costi di esercizio con consumabili di lunga durata e i ridotti consumi energetici, fanno della d-Color MF3302 l\u2019alleata ideale dei moderni \u00a0gruppi lavoro.<\/p>\n","protected":false},"excerpt":{"rendered":"<ul>\n<li>Velocit\u00e0 33 pagine al minuto\u00a0 a colori e in b\/n<\/li>\n<li>Efficiente ed intuitiva grazie all\u2019interfaccia utente multi-touch a colori da 7\u201d<\/li>\n<li>Risoluzione in stampa fino a 1200&#215;1200 dpi<\/li>\n<li>Scanner fronte\/retro automatico a singola passata<\/li>\n<li>Fax opzionale<\/li>\n<li>Capacit\u00e0 carta massima fino a 1100 fogli con un cassetto opzionale<\/li>\n<li>Stampa mobile<\/li>\n<li>Grande efficienza con la memoria standard da 4GB<\/li>\n<li>Antivirus Bitdefender (opzionale) per la scansione antivirus dei dati in ingresso e in uscita<\/li>\n<\/ul>\n","protected":false},"featured_media":10165,"comment_status":"open","ping_status":"closed","template":"","meta":{"_joinchat":[]},"product_cat":[190,189],"product_tag":[],"class_list":{"0":"post-10107","1":"product","2":"type-product","3":"status-publish","4":"has-post-thumbnail","6":"product_cat-mfp-a4-colore","7":"product_cat-stampanti-multifunzione","9":"first","10":"instock","11":"shipping-taxable","12":"product-type-simple"},"_links":{"self":[{"href":"https:\/\/lufficio.it\/index.php?rest_route=\/wp\/v2\/product\/10107","targetHints":{"allow":["GET"]}}],"collection":[{"href":"https:\/\/lufficio.it\/index.php?rest_route=\/wp\/v2\/product"}],"about":[{"href":"https:\/\/lufficio.it\/index.php?rest_route=\/wp\/v2\/types\/product"}],"replies":[{"embeddable":true,"href":"https:\/\/lufficio.it\/index.php?rest_route=%2Fwp%2Fv2%2Fcomments&post=10107"}],"version-history":[{"count":0,"href":"https:\/\/lufficio.it\/index.php?rest_route=\/wp\/v2\/product\/10107\/revisions"}],"wp:featuredmedia":[{"embeddable":true,"href":"https:\/\/lufficio.it\/index.php?rest_route=\/wp\/v2\/media\/10165"}],"wp:attachment":[{"href":"https:\/\/lufficio.it\/index.php?rest_route=%2Fwp%2Fv2%2Fmedia&parent=10107"}],"wp:term":[{"taxonomy":"product_cat","embeddable":true,"href":"https:\/\/lufficio.it\/index.php?rest_route=%2Fwp%2Fv2%2Fproduct_cat&post=10107"},{"taxonomy":"product_tag","embeddable":true,"href":"https:\/\/lufficio.it\/index.php?rest_route=%2Fwp%2Fv2%2Fproduct_tag&post=10107"}],"curies":[{"name":"wp","href":"https:\/\/api.w.org\/{rel}","templated":true}]}}