{"id":10105,"date":"2022-11-23T15:52:28","date_gmt":"2022-11-23T15:52:28","guid":{"rendered":"https:\/\/practical-pascal.5-9-123-216.plesk.page\/?post_type=product&#038;p=10105"},"modified":"2022-11-23T15:52:39","modified_gmt":"2022-11-23T15:52:39","slug":"d-copia-3524mf-3524mfplus-4023mf-4024mf-4024mfplus","status":"publish","type":"product","link":"https:\/\/lufficio.it\/?product=d-copia-3524mf-3524mfplus-4023mf-4024mf-4024mfplus","title":{"rendered":"d-Copia 3524MF &#8211; 3524MFplus &#8211; 4023MF &#8211; 4024MF &#8211; 4024MFplus"},"content":{"rendered":"<p>Le nuove multifunzione monocromatiche A4 nascono per soddisfare le esigenze dei piccoli gruppi di lavoro.<\/p>\n<p>Sono cinque modelli che si adattano alle diverse tipologie di utenza:<\/p>\n<ul>\n<li><strong>d-Copia 3524MF<\/strong>, affidabile, con funzioni di stampa, copia, scansione e fax, con velocit\u00e0 fino a 35 ppm e risoluzione di 1200 dpi. Compatta e silenziosa, \u00e8 perfetta anche sulla scrivania.<\/li>\n<li><strong>d-Copia 3524MFplus<\/strong>, sorprendente per Wi-Fi\u00ae\u00a0 integrato e il pannello tattile da 4,3&#8243; a colori.<\/li>\n<li><strong>d-Copia 4023MF\u00a0<\/strong>(senza fax) e\u00a0<strong>d-Copia 4024MF<\/strong>, ideali per carichi di lavoro pi\u00f9 impegnativi: velocit\u00e0 di stampa fino a 40 ppm, tempi ridotti di riscaldamento e di uscita della prima stampa, dual scanner e capacit\u00e0 del toner fino a 7200 pagine.<\/li>\n<li><strong>d-Copia 4024MFplus\u00a0<\/strong>che, con il Wi-Fi\u00ae\u00a0 integrato e la piattaforma JaWS, diventa smart per ottimizzare il flusso di lavoro e soddisfare le necessit\u00e0 pi\u00f9 avanzate.<\/li>\n<\/ul>\n<p>&nbsp;<\/p>\n<p><strong>VANTAGGI<\/strong><\/p>\n<ul>\n<li>Tutti i modelli sono arricchiti da un potente controller da 800 MHz che permette diversi lavori simultaneamente senza precluderne la velocit\u00e0.<\/li>\n<li>La piattaforma di sviluppo software JaWS per la d-Copia 4024MFplus (con l&#8217;espansione di memoria e la SD card) consente la personalizzazione dei flussi documentali migliorando la produttivit\u00e0 e l&#8217;efficienza dell\u2019ufficio moderno.<\/li>\n<li>Copia 3524MFplus e 4024MFplus hanno integrati sia il\u00a0<strong>Wi-Fi\u00ae\u00a0<\/strong>\u00a0sia il\u00a0<strong>Wi-Fi Direct\u00ae<\/strong><strong>,\u00a0<\/strong>che permette la connessione diretta fino a un massimo di tre dispositivi simultaneamente.<\/li>\n<li>Ridotti consumi energetici, soprattutto in sleep mode, componenti di lunga durata, parti eco-compatibili, imballi contenuti, toner pre-installati e utilizzo di materiali riciclati fanno di questi dispositivi dei veri amici dell\u2019ambiente.<\/li>\n<\/ul>\n","protected":false},"excerpt":{"rendered":"<ul>\n<li>Velocit\u00e0 di stampa: fino a 35 e 40 pagine al minuto A4 b\/n<\/li>\n<li>Risoluzione di stampa 1.200 x 1.200 DPI<\/li>\n<li>Memoria 512MB espandibile a 1536 MB<\/li>\n<li>Dual-scanner per i modelli da 40 pagine al minuto<\/li>\n<li>Pannello tattile da 4,3\u201d e interfaccia wireless per i modelli \u201cplus\u201d<\/li>\n<\/ul>\n<p>&nbsp;<\/p>\n","protected":false},"featured_media":10156,"comment_status":"open","ping_status":"closed","template":"","meta":{"_joinchat":[]},"product_cat":[188,189],"product_tag":[],"class_list":{"0":"post-10105","1":"product","2":"type-product","3":"status-publish","4":"has-post-thumbnail","6":"product_cat-mfp-a4-b-n","7":"product_cat-stampanti-multifunzione","9":"first","10":"instock","11":"shipping-taxable","12":"product-type-simple"},"_links":{"self":[{"href":"https:\/\/lufficio.it\/index.php?rest_route=\/wp\/v2\/product\/10105","targetHints":{"allow":["GET"]}}],"collection":[{"href":"https:\/\/lufficio.it\/index.php?rest_route=\/wp\/v2\/product"}],"about":[{"href":"https:\/\/lufficio.it\/index.php?rest_route=\/wp\/v2\/types\/product"}],"replies":[{"embeddable":true,"href":"https:\/\/lufficio.it\/index.php?rest_route=%2Fwp%2Fv2%2Fcomments&post=10105"}],"version-history":[{"count":0,"href":"https:\/\/lufficio.it\/index.php?rest_route=\/wp\/v2\/product\/10105\/revisions"}],"wp:featuredmedia":[{"embeddable":true,"href":"https:\/\/lufficio.it\/index.php?rest_route=\/wp\/v2\/media\/10156"}],"wp:attachment":[{"href":"https:\/\/lufficio.it\/index.php?rest_route=%2Fwp%2Fv2%2Fmedia&parent=10105"}],"wp:term":[{"taxonomy":"product_cat","embeddable":true,"href":"https:\/\/lufficio.it\/index.php?rest_route=%2Fwp%2Fv2%2Fproduct_cat&post=10105"},{"taxonomy":"product_tag","embeddable":true,"href":"https:\/\/lufficio.it\/index.php?rest_route=%2Fwp%2Fv2%2Fproduct_tag&post=10105"}],"curies":[{"name":"wp","href":"https:\/\/api.w.org\/{rel}","templated":true}]}}