{"id":10102,"date":"2022-11-23T15:52:28","date_gmt":"2022-11-23T15:52:28","guid":{"rendered":"https:\/\/practical-pascal.5-9-123-216.plesk.page\/?post_type=product&#038;p=10102"},"modified":"2022-11-23T15:52:38","modified_gmt":"2022-11-23T15:52:38","slug":"pg-l2535-l2540-l2540plus","status":"publish","type":"product","link":"https:\/\/lufficio.it\/?product=pg-l2535-l2540-l2540plus","title":{"rendered":"PG L2535 &#8211; L2540 &#8211; L2540plus"},"content":{"rendered":"<p>Le stampanti monocromatiche laser da tavolo Olivetti PG L2535 &#8211; PG L2540 &#8211; PG L2540plus, oltre a essere compatte e robuste, si caratterizzano per l\u2019alta produttivit\u00e0, la velocit\u00e0, la silenziosit\u00e0 e le funzionalit\u00e0 indispensabili per singoli utenti e per piccoli gruppi di lavoro.<\/p>\n<p><strong>VANTAGGI<\/strong><\/p>\n<ul>\n<li>Compatibilit\u00e0 con i protocolli AirPrint e Olivetti Mobile Print<\/li>\n<li>Connessione Wi-Fi\u00ae\u00a0e\u00a0Wi-Fi Direct\u00ae come dotazione standard<\/li>\n<li>Basso livello di rumorosit\u00e0<\/li>\n<\/ul>\n","protected":false},"excerpt":{"rendered":"<ul>\n<li>Velocit\u00e0 di stampa: fino a 35 e 40 pagine al minuto A4 b\/n<\/li>\n<li>Risoluzione di stampa fino a 1.200 DPI<\/li>\n<li>Funzione fronte-retro standard, Gibabit Ethernet e un display LCD a 2 linee (per i modelli PG L2540 e PG L2540plus)<\/li>\n<li>Tempo di stampa prima pagina: &lt; 7 sec.<\/li>\n<\/ul>\n","protected":false},"featured_media":10145,"comment_status":"open","ping_status":"closed","template":"","meta":{"_joinchat":[]},"product_cat":[185,187],"product_tag":[],"class_list":{"0":"post-10102","1":"product","2":"type-product","3":"status-publish","4":"has-post-thumbnail","6":"product_cat-stampanti","7":"product_cat-stampanti-digitale-b-n","9":"first","10":"instock","11":"shipping-taxable","12":"product-type-simple"},"_links":{"self":[{"href":"https:\/\/lufficio.it\/index.php?rest_route=\/wp\/v2\/product\/10102","targetHints":{"allow":["GET"]}}],"collection":[{"href":"https:\/\/lufficio.it\/index.php?rest_route=\/wp\/v2\/product"}],"about":[{"href":"https:\/\/lufficio.it\/index.php?rest_route=\/wp\/v2\/types\/product"}],"replies":[{"embeddable":true,"href":"https:\/\/lufficio.it\/index.php?rest_route=%2Fwp%2Fv2%2Fcomments&post=10102"}],"version-history":[{"count":0,"href":"https:\/\/lufficio.it\/index.php?rest_route=\/wp\/v2\/product\/10102\/revisions"}],"wp:featuredmedia":[{"embeddable":true,"href":"https:\/\/lufficio.it\/index.php?rest_route=\/wp\/v2\/media\/10145"}],"wp:attachment":[{"href":"https:\/\/lufficio.it\/index.php?rest_route=%2Fwp%2Fv2%2Fmedia&parent=10102"}],"wp:term":[{"taxonomy":"product_cat","embeddable":true,"href":"https:\/\/lufficio.it\/index.php?rest_route=%2Fwp%2Fv2%2Fproduct_cat&post=10102"},{"taxonomy":"product_tag","embeddable":true,"href":"https:\/\/lufficio.it\/index.php?rest_route=%2Fwp%2Fv2%2Fproduct_tag&post=10102"}],"curies":[{"name":"wp","href":"https:\/\/api.w.org\/{rel}","templated":true}]}}